{"id":1636,"date":"2011-08-21T23:49:40","date_gmt":"2011-08-22T04:49:40","guid":{"rendered":"http:\/\/mde.org.co\/mde11\/?page_id=1636"},"modified":"2011-08-21T23:49:40","modified_gmt":"2011-08-22T04:49:40","slug":"mapa-mental-del-mde11","status":"publish","type":"page","link":"https:\/\/mde.org.co\/mde11\/es\/mapa-mental-del-mde11\/","title":{"rendered":"Mapa mental del MDE11"},"content":{"rendered":"<p>Sobre el eje curatorial \u00abEnse\u00f1ar y aprender. Lugares del conocimiento en el arte\u00bb, se construy\u00f3 este mapa mental del MDE11. Una estructura definida por tres n\u00facleos: Laboratorio, Estudio y Exposici\u00f3n, que a su vez se subdividen en varias \u2018zonas de activaci\u00f3n\u2019.<strong style=\"margin: 12px 0 4px\"><\/strong> <\/p>\n<h1><a href=\"https:\/\/mde.org.co\/mde11\/wordpress\/wp-content\/themes\/mde11\/multimedia\/salaMindMap.html\" target=\"_blank\">Ver infograf\u00eda de la Sala Mind Map<\/a><\/h1>\n<h1><a href=\"https:\/\/mde.org.co\/mde11\/wp-content\/uploads\/sites\/3\/2011\/09\/Mind-Map.pdf\" target=\"_blank\">Descargar el Mapa mental del MDE11<\/a><\/h1>\n<p><\/p>","protected":false},"excerpt":{"rendered":"<p>Sobre el eje curatorial \u00abEnse\u00f1ar y aprender. Lugares del conocimiento en el arte\u00bb, se construy\u00f3 este mapa mental del MDE11 . Una estructura definida por tres n\u00facleos: Laboratorio, Estudio y Exposici\u00f3n, que a su vez se subdividen en varias \u2018zonas de activaci\u00f3n\u2019.<\/p>\n","protected":false},"author":1,"featured_media":1655,"parent":0,"menu_order":0,"comment_status":"open","ping_status":"open","template":"","meta":{"footnotes":""},"categories":[],"class_list":["post-1636","page","type-page","status-publish","has-post-thumbnail","hentry"],"_links":{"self":[{"href":"https:\/\/mde.org.co\/mde11\/es\/wp-json\/wp\/v2\/pages\/1636","targetHints":{"allow":["GET"]}}],"collection":[{"href":"https:\/\/mde.org.co\/mde11\/es\/wp-json\/wp\/v2\/pages"}],"about":[{"href":"https:\/\/mde.org.co\/mde11\/es\/wp-json\/wp\/v2\/types\/page"}],"author":[{"embeddable":true,"href":"https:\/\/mde.org.co\/mde11\/es\/wp-json\/wp\/v2\/users\/1"}],"replies":[{"embeddable":true,"href":"https:\/\/mde.org.co\/mde11\/es\/wp-json\/wp\/v2\/comments?post=1636"}],"version-history":[{"count":0,"href":"https:\/\/mde.org.co\/mde11\/es\/wp-json\/wp\/v2\/pages\/1636\/revisions"}],"wp:featuredmedia":[{"embeddable":true,"href":"https:\/\/mde.org.co\/mde11\/es\/wp-json\/wp\/v2\/media\/1655"}],"wp:attachment":[{"href":"https:\/\/mde.org.co\/mde11\/es\/wp-json\/wp\/v2\/media?parent=1636"}],"wp:term":[{"taxonomy":"category","embeddable":true,"href":"https:\/\/mde.org.co\/mde11\/es\/wp-json\/wp\/v2\/categories?post=1636"}],"curies":[{"name":"wp","href":"https:\/\/api.w.org\/{rel}","templated":true}]}}