{"id":1546,"date":"2011-08-18T16:15:48","date_gmt":"2011-08-18T21:15:48","guid":{"rendered":"http:\/\/mde.org.co\/mde11\/?page_id=1546"},"modified":"2011-08-18T16:15:48","modified_gmt":"2011-08-18T21:15:48","slug":"jorge-julian-aristizabal","status":"publish","type":"page","link":"https:\/\/mde.org.co\/mde11\/es\/artistas\/jorge-julian-aristizabal\/","title":{"rendered":"Jorge Juli\u00e1n Aristiz\u00e1bal"},"content":{"rendered":"<p><img loading=\"lazy\" decoding=\"async\" class=\"alignnone size-full wp-image-1550\" title=\"Jorge Juli\u00e1n Aristiz\u00e1bal\" src=\"https:\/\/mde.org.co\/mde11\/wp-content\/uploads\/sites\/3\/2011\/08\/Jorge-Juli\u00e1n-Aristizabal-header.jpg\" alt=\"\" width=\"600\" height=\"280\" srcset=\"https:\/\/mde.org.co\/mde11\/wp-content\/uploads\/sites\/3\/2011\/08\/Jorge-Juli\u00e1n-Aristizabal-header.jpg 600w, https:\/\/mde.org.co\/mde11\/wp-content\/uploads\/sites\/3\/2011\/08\/Jorge-Juli\u00e1n-Aristizabal-header-300x140.jpg 300w\" sizes=\"auto, (max-width: 600px) 100vw, 600px\" \/><\/p>\n<p>Jorge Juli\u00e1n Aristiz\u00e1bal naci\u00f3 en 1962 en Medell\u00edn (Colombia), donde a\u00fan vive. Recibi\u00f3 su licenciatura en Bellas Artes de la Escuela de Arte y Dise\u00f1o Otis Parsons, ubicada en Los \u00c1ngeles California (Estados Unidos), y el grado de mag\u00edster de la Universidad Goldsmiths (Londres, Inglaterra).<\/p>\n<p>Su trabajo se ha incluido en exposiciones colectivas como la VII Bienal de Bogot\u00e1<em>, <\/em>del Museo de Arte Moderno de Bogot\u00e1 (Colombia); tambi\u00e9n en \u2018Realismo m\u00e1gico: arte figurativo de los 90 en Colombia\u2019, del<strong> <a href=\"http:\/\/www.barbican.org.uk\/\" target=\"_blank\">Barbican Centre <\/a>(Inglaterra)<\/strong>, y en Queens International, del Queens Museum of Contemporary Art (Estados Unidos).<\/p>\n<p>Aristiz\u00e1bal ha realizado m\u00faltiples exposiciones individuales, entre ellas: <em>`<\/em>El canario y el jabal\u00ed, l\u00e1minas en la memoria de Jorge Juli\u00e1n Aristiz\u00e1bal<em>\u2019<\/em>, expuesta en el Museo de Antioquia, el Museo de Arte Moderno de Barranquilla y el Museo de Arte Moderno de Bucaramanga (Colombia). En 2007 inaugur\u00f3 <strong>\u2018Until Now Drawings 97\/07\u2019<\/strong><strong> en el Centro de Arte Contempor\u00e1neo de la Universidad Eafit (Colombia), muestra acompa\u00f1ada de la edici\u00f3n de un libro sobre dibujos suyos que fueron creados en los 10 a\u00f1os anteriores.<\/strong><\/p>\n<p><strong>Jorge Juli\u00e1n participa en el MDE11 con la serie \u2018Photo Press\u2019, que consiste en fotograf\u00edas originales provenientes de diferentes peri\u00f3dicos.<\/strong> Estas im\u00e1genes son intervenidas mediante la aplicaci\u00f3n de numerosas capas de acr\u00edlico y posteriormente son reducidas a simples siluetas gr\u00e1ficas en blanco y negro.<\/p>\n<p><strong>Ofrecer la posibilidad de rehacer mentalmente cada foto es su intenci\u00f3n, permitir la libre interpretaci\u00f3n desde nuestras memorias y experiencias personales. <\/strong>Para este proceso reinterpretativo ofrece tambi\u00e9n la ayuda de un texto que hace las veces de pie de foto, donde describe lo acontecido.<\/p>\n<p><img loading=\"lazy\" decoding=\"async\" class=\"alignnone size-full wp-image-1552\" title=\"Frase Jorge Juli\u00e1n Aristiz\u00e1bal\" src=\"https:\/\/mde.org.co\/mde11\/wp-content\/uploads\/sites\/3\/2011\/08\/JorgeJulian-Frase.jpg\" alt=\"\" width=\"600\" height=\"200\" srcset=\"https:\/\/mde.org.co\/mde11\/wp-content\/uploads\/sites\/3\/2011\/08\/JorgeJulian-Frase.jpg 600w, https:\/\/mde.org.co\/mde11\/wp-content\/uploads\/sites\/3\/2011\/08\/JorgeJulian-Frase-300x100.jpg 300w\" sizes=\"auto, (max-width: 600px) 100vw, 600px\" \/><\/p>\n<p><strong>Sitio web<\/strong><\/p>\n<p><a href=\"http:\/\/www.jorgejulianaristizabal.com\/\" target=\"_blank\">www.jorgejulianaristizabal.com<\/a><\/p>\n<p><strong>Redes sociales<\/strong><\/p>\n<p><a href=\"http:\/\/es-es.facebook.com\/pages\/JORGE-JULIAN-ARISTIZABAL\/130174406482\" target=\"_blank\">Facebook<\/a><\/p>\n<p><strong>Enlaces de inter\u00e9s<\/strong><\/p>\n<p><a href=\"http:\/\/www.banrepcultural.org\/blaavirtual\/todaslasartes\/genera\/gene2.htm\" target=\"_blank\">Descripci\u00f3n de la obra de Jorge Juli\u00e1n Aristiz\u00e1bal<\/a>, por Luis Fernando Valencia<\/p>\n<p>&nbsp;<\/p>\n<h2>Participaci\u00f3n en el MDE11<\/h2>\n<p>&nbsp;<\/p>\n<p><a href=\"http:\/\/vimeo.com\/27927989\" target=\"_blank\">Jorge Juli\u00e1n Aristiz\u00e1bal en el MDE11<\/a> (Video)<br \/>\nEntrevista: <a href=\"https:\/\/mde.org.co\/mde11\/?p=2290\" target=\"_blank\">\u00abPhoto Press: un \u00e1lbum familiar del mundo\u00bb<\/a> (Art\u00edculo)<br \/>\nPresentaci\u00f3n de su proyecto: <a href=\"http:\/\/vimeo.com\/31495323\" target=\"_blank\">Jorge Juli\u00e1n Aristiz\u00e1bal: \u00abPhoto Press\u00bb<\/a> (Video)<\/p>\n<p><\/p>","protected":false},"excerpt":{"rendered":"<p>Jorge Juli\u00e1n Aristiz\u00e1bal naci\u00f3 en 1962 en Medell\u00edn (Colombia), donde a\u00fan vive. Recibi\u00f3 su licenciatura en Bellas Artes de la Escuela de Arte y Dise\u00f1o Otis Parsons, ubicada en Los \u00c1ngeles California (Estados Unidos), y el grado de mag\u00edster de la Universidad Goldsmiths (Londres, Inglaterra). Su trabajo se ha incluido en exposiciones colectivas como la VII Bienal de Bogot\u00e1, del Museo de Arte Moderno de Bogot\u00e1 (Colombia); tambi\u00e9n en \u2018Realismo m\u00e1gico: arte figurativo de los 90 en Colombia\u2019, del Barbican Centre (Inglaterra), y en Queens International, del Queens Museum of Contemporary Art (Estados Unidos). Aristiz\u00e1bal ha realizado m\u00faltiples exposiciones individuales, entre ellas: `El canario y el jabal\u00ed, l\u00e1minas en la memoria de Jorge Juli\u00e1n Aristiz\u00e1bal\u2019, expuesta en el Museo de Antioquia, el Museo de Arte Moderno de Barranquilla y el Museo de Arte Moderno de Bucaramanga (Colombia). En 2007 inaugur\u00f3 \u2018Until Now Drawings 97\/07\u2019 en el Centro de Arte Contempor\u00e1neo de la Universidad Eafit (Colombia), muestra acompa\u00f1ada de la edici\u00f3n de un libro sobre dibujos suyos que fueron creados en los 10 a\u00f1os anteriores. Jorge Juli\u00e1n participa en el MDE11 con la serie \u2018Photo Press\u2019, que consiste en fotograf\u00edas originales provenientes de diferentes peri\u00f3dicos. Estas im\u00e1genes son intervenidas mediante la aplicaci\u00f3n de numerosas capas de acr\u00edlico y posteriormente son reducidas a simples siluetas gr\u00e1ficas en blanco y negro. Ofrecer la posibilidad de rehacer mentalmente cada foto es su intenci\u00f3n, permitir la libre interpretaci\u00f3n desde nuestras memorias y experiencias personales. Para este proceso reinterpretativo ofrece tambi\u00e9n la ayuda de un texto que hace las veces de pie de foto, donde describe lo acontecido. Sitio web www.jorgejulianaristizabal.com Redes sociales Facebook Enlaces de inter\u00e9s Descripci\u00f3n de la obra de Jorge Juli\u00e1n Aristiz\u00e1bal, por Luis Fernando Valencia &nbsp; Participaci\u00f3n en el MDE11 &nbsp; Jorge Juli\u00e1n Aristiz\u00e1bal en el MDE11 (Video) Entrevista: \u00abPhoto Press: un \u00e1lbum familiar del mundo\u00bb (Art\u00edculo) Presentaci\u00f3n de su proyecto: Jorge Juli\u00e1n Aristiz\u00e1bal: \u00abPhoto Press\u00bb (Video)<\/p>\n","protected":false},"author":1,"featured_media":0,"parent":143,"menu_order":0,"comment_status":"open","ping_status":"closed","template":"","meta":{"footnotes":""},"categories":[4],"class_list":["post-1546","page","type-page","status-publish","hentry","category-exposicion"],"_links":{"self":[{"href":"https:\/\/mde.org.co\/mde11\/es\/wp-json\/wp\/v2\/pages\/1546","targetHints":{"allow":["GET"]}}],"collection":[{"href":"https:\/\/mde.org.co\/mde11\/es\/wp-json\/wp\/v2\/pages"}],"about":[{"href":"https:\/\/mde.org.co\/mde11\/es\/wp-json\/wp\/v2\/types\/page"}],"author":[{"embeddable":true,"href":"https:\/\/mde.org.co\/mde11\/es\/wp-json\/wp\/v2\/users\/1"}],"replies":[{"embeddable":true,"href":"https:\/\/mde.org.co\/mde11\/es\/wp-json\/wp\/v2\/comments?post=1546"}],"version-history":[{"count":0,"href":"https:\/\/mde.org.co\/mde11\/es\/wp-json\/wp\/v2\/pages\/1546\/revisions"}],"up":[{"embeddable":true,"href":"https:\/\/mde.org.co\/mde11\/es\/wp-json\/wp\/v2\/pages\/143"}],"wp:attachment":[{"href":"https:\/\/mde.org.co\/mde11\/es\/wp-json\/wp\/v2\/media?parent=1546"}],"wp:term":[{"taxonomy":"category","embeddable":true,"href":"https:\/\/mde.org.co\/mde11\/es\/wp-json\/wp\/v2\/categories?post=1546"}],"curies":[{"name":"wp","href":"https:\/\/api.w.org\/{rel}","templated":true}]}}