{"id":1500,"date":"2011-08-18T09:09:58","date_gmt":"2011-08-18T14:09:58","guid":{"rendered":"http:\/\/mde.org.co\/mde11\/?page_id=1500"},"modified":"2015-10-17T11:08:32","modified_gmt":"2015-10-17T16:08:32","slug":"club-del-dibujo","status":"publish","type":"page","link":"https:\/\/mde.org.co\/mde11\/es\/artistas\/club-del-dibujo\/","title":{"rendered":"Club del Dibujo"},"content":{"rendered":"<p><img loading=\"lazy\" decoding=\"async\" class=\"alignnone size-full wp-image-1510\" title=\"Club del Dibujo\" src=\"https:\/\/mde.org.co\/mde11\/wp-content\/uploads\/sites\/3\/2011\/08\/Club-del-dibujo-2.jpg\" alt=\"\" width=\"600\" height=\"280\" srcset=\"https:\/\/mde.org.co\/mde11\/wp-content\/uploads\/sites\/3\/2011\/08\/Club-del-dibujo-2.jpg 600w, https:\/\/mde.org.co\/mde11\/wp-content\/uploads\/sites\/3\/2011\/08\/Club-del-dibujo-2-300x140.jpg 300w\" sizes=\"auto, (max-width: 600px) 100vw, 600px\" \/><\/p>\n<p>Club del Dibujo es una instituci\u00f3n de autor fundada en 2002 por Claudia del R\u00edo y Mario Gem\u00edn.<\/p>\n<p>Investigar la disciplina de dibujo con la ayuda de artistas, aficionados y ciudadanos es su objetivo, y para ello acude a un dispositivo llamado \u2018Pieza de dibujo\u2019: una sala de pizarr\u00f3n que cubre desde el techo hasta el piso de un espacio que hace las veces de escenario.<\/p>\n<p>La Pieza de dibujo, conocida tambi\u00e9n como sala de ensayo, se usa y se borra. Con ella se busca crear situaciones pedag\u00f3gicas fuera del campo habitual, de all\u00ed que lo que sucede en ella sea llamado funciones. <strong>La cr\u00edtica, la curadur\u00eda y el mercado son tensiones que le sirven de referencia e intercambio.<\/strong><\/p>\n<p>El dispositivo se encuentra en <a href=\"https:\/\/mde.org.co\/mde11\/?page_id=302\">Taller 7<\/a>, espacio anfitri\u00f3n del MDE11. Con esta propuesta, <strong>Claudia busca<\/strong> <strong>generar una relaci\u00f3n entre el dibujo y otras disciplinas que se realizan en Medell\u00edn.<\/strong><\/p>\n<p>Club del Dibujo propone un escenario en el que 4 d\u00faos ensayan conversaciones acerca del dibujo y con el dibujo. Por ejemplo: conversan una poeta y un m\u00e9dico, un core\u00f3grafo y un dibujante, una poeta y un dibujante, un m\u00fasico y un dibujante. \u00bfDe qu\u00e9 conversan? \u00bfQu\u00e9 ocurre cuando se involucran saberes distintos en un mismo territorio, en este caso en el espacio del pizarr\u00f3n? Son esas algunas de las preguntas que sugiere el proyecto.<\/p>\n<p>Cada equipo comparte dos d\u00edas de trabajo con el p\u00fablico. <strong>Se trata de una \u201cfunci\u00f3n abierta\u201d a toda la comunidad en la que pensar, revisar, ejecutar, borrar, ensayar e improvisar son procesos que se hacen posibles gracias a la Pieza de dibujo. <\/strong><\/p>\n<p>El Club del Dibujo realiza tambi\u00e9n una propuesta con la instituci\u00f3n Picacho con Futuro. Esta consiste en una fiesta de barrio denominada \u2018Coreograf\u00eda del retrato\u2019, un encuentro que le permite a la comunidad vincularse a trav\u00e9s de dibujos y retratos.<\/p>\n<p><img loading=\"lazy\" decoding=\"async\" class=\"alignnone size-full wp-image-1512\" title=\"Frase Club del Dibujo\" src=\"https:\/\/mde.org.co\/mde11\/wp-content\/uploads\/sites\/3\/2011\/08\/Clubdeldibujo_frase.jpg\" alt=\"\" width=\"600\" height=\"120\" srcset=\"https:\/\/mde.org.co\/mde11\/wp-content\/uploads\/sites\/3\/2011\/08\/Clubdeldibujo_frase.jpg 600w, https:\/\/mde.org.co\/mde11\/wp-content\/uploads\/sites\/3\/2011\/08\/Clubdeldibujo_frase-300x60.jpg 300w\" sizes=\"auto, (max-width: 600px) 100vw, 600px\" \/><\/p>\n<p><strong>Sitio web<\/strong><\/p>\n<p><a href=\"http:\/\/clubdeldibujo.wordpress.com\/\" target=\"_blank\">clubdeldibujo.wordpress.com<\/a><\/p>\n<p><strong>Enlaces de inter\u00e9s<\/strong><\/p>\n<p><a href=\"http:\/\/www.rechen.f2s.com\/claudia_delrio\/\" target=\"_blank\">Claudia del R\u00edo<\/a><br \/>\n<a href=\"http:\/\/www.boladenieve.org.ar\/node\/42\" target=\"_blank\">Biograf\u00eda y obras de Claudia del R\u00edo<br \/>\n<\/a><a href=\"http:\/\/www.youtube.com\/watch?v=wS9hTQrFCtM&amp;feature=player_embedded\">Pieza de dibujo (video)<\/a><\/p>\n<p>&nbsp;<\/p>\n<h2>Participaci\u00f3n en el MDE11<\/h2>\n<p>Entrevista: <a href=\"https:\/\/mde.org.co\/mde11\/?p=4166\">Afici\u00f3n por el dibujo<\/a> (Art\u00edculo)<br \/>\nPresentaci\u00f3n de su proyecto: <a href=\"http:\/\/vimeo.com\/29493065\" target=\"_blank\">Club del Dibujo: \u00abPieza de dibujo\u00bb<\/a> (Video)<\/p>","protected":false},"excerpt":{"rendered":"<p>Club del Dibujo es una instituci\u00f3n de autor fundada en 2002 por Claudia del R\u00edo y Mario Gem\u00edn. Investigar la disciplina de dibujo con la ayuda de artistas, aficionados y ciudadanos es su objetivo, y para ello acude a un dispositivo llamado \u2018Pieza de dibujo\u2019: una sala de pizarr\u00f3n que cubre desde el techo hasta el piso de un espacio que hace las veces de escenario. La Pieza de dibujo, conocida tambi\u00e9n como sala de ensayo, se usa y se borra. Con ella se busca crear situaciones pedag\u00f3gicas fuera del campo habitual, de all\u00ed que lo que sucede en ella sea llamado funciones. La cr\u00edtica, la curadur\u00eda y el mercado son tensiones que le sirven de referencia e intercambio. El dispositivo se encuentra en Taller 7, espacio anfitri\u00f3n del MDE11. Con esta propuesta, Claudia busca generar una relaci\u00f3n entre el dibujo y otras disciplinas que se realizan en Medell\u00edn. Club del Dibujo propone un escenario en el que 4 d\u00faos ensayan conversaciones acerca del dibujo y con el dibujo. Por ejemplo: conversan una poeta y un m\u00e9dico, un core\u00f3grafo y un dibujante, una poeta y un dibujante, un m\u00fasico y un dibujante. \u00bfDe qu\u00e9 conversan? \u00bfQu\u00e9 ocurre cuando se involucran saberes distintos en un mismo territorio, en este caso en el espacio del pizarr\u00f3n? Son esas algunas de las preguntas que sugiere el proyecto. Cada equipo comparte dos d\u00edas de trabajo con el p\u00fablico. Se trata de una \u201cfunci\u00f3n abierta\u201d a toda la comunidad en la que pensar, revisar, ejecutar, borrar, ensayar e improvisar son procesos que se hacen posibles gracias a la Pieza de dibujo. El Club del Dibujo realiza tambi\u00e9n una propuesta con la instituci\u00f3n Picacho con Futuro. Esta consiste en una fiesta de barrio denominada \u2018Coreograf\u00eda del retrato\u2019, un encuentro que le permite a la comunidad vincularse a trav\u00e9s de dibujos y retratos. Sitio web clubdeldibujo.wordpress.com Enlaces de inter\u00e9s Claudia del R\u00edo Biograf\u00eda y obras de Claudia del R\u00edo Pieza de dibujo (video) &nbsp; Participaci\u00f3n en el MDE11 Entrevista: Afici\u00f3n por el dibujo (Art\u00edculo) Presentaci\u00f3n de su proyecto: Club del Dibujo: \u00abPieza de dibujo\u00bb (Video)<\/p>\n","protected":false},"author":1,"featured_media":0,"parent":143,"menu_order":0,"comment_status":"closed","ping_status":"closed","template":"","meta":{"footnotes":""},"categories":[5],"class_list":["post-1500","page","type-page","status-publish","hentry","category-laboratorio"],"_links":{"self":[{"href":"https:\/\/mde.org.co\/mde11\/es\/wp-json\/wp\/v2\/pages\/1500","targetHints":{"allow":["GET"]}}],"collection":[{"href":"https:\/\/mde.org.co\/mde11\/es\/wp-json\/wp\/v2\/pages"}],"about":[{"href":"https:\/\/mde.org.co\/mde11\/es\/wp-json\/wp\/v2\/types\/page"}],"author":[{"embeddable":true,"href":"https:\/\/mde.org.co\/mde11\/es\/wp-json\/wp\/v2\/users\/1"}],"replies":[{"embeddable":true,"href":"https:\/\/mde.org.co\/mde11\/es\/wp-json\/wp\/v2\/comments?post=1500"}],"version-history":[{"count":1,"href":"https:\/\/mde.org.co\/mde11\/es\/wp-json\/wp\/v2\/pages\/1500\/revisions"}],"predecessor-version":[{"id":5180,"href":"https:\/\/mde.org.co\/mde11\/es\/wp-json\/wp\/v2\/pages\/1500\/revisions\/5180"}],"up":[{"embeddable":true,"href":"https:\/\/mde.org.co\/mde11\/es\/wp-json\/wp\/v2\/pages\/143"}],"wp:attachment":[{"href":"https:\/\/mde.org.co\/mde11\/es\/wp-json\/wp\/v2\/media?parent=1500"}],"wp:term":[{"taxonomy":"category","embeddable":true,"href":"https:\/\/mde.org.co\/mde11\/es\/wp-json\/wp\/v2\/categories?post=1500"}],"curies":[{"name":"wp","href":"https:\/\/api.w.org\/{rel}","templated":true}]}}