{"id":1476,"date":"2011-08-17T17:38:58","date_gmt":"2011-08-17T22:38:58","guid":{"rendered":"http:\/\/mde.org.co\/mde11\/?page_id=1476"},"modified":"2011-08-17T17:38:58","modified_gmt":"2011-08-17T22:38:58","slug":"equipo-de-trabajo","status":"publish","type":"page","link":"https:\/\/mde.org.co\/mde11\/es\/equipo-de-trabajo\/","title":{"rendered":"Equipo de trabajo"},"content":{"rendered":"<p><\/p>\n<h2>Direcci\u00f3n<\/h2>\n<p><strong>Ana Piedad Jaramillo Restrepo,<\/strong> Directora General Museo de Antioquia<\/p>\n<p>&nbsp;<\/p>\n<h2>Direcci\u00f3n de producci\u00f3n<\/h2>\n<p><strong>Juan Guillermo Bustamante Cardona,<\/strong> Director Operaciones MdeA<\/p>\n<p>&nbsp;<\/p>\n<h2>Asistentes de curadur\u00eda<\/h2>\n<p>Adriana Mar\u00eda Pineda Estrada<\/p>\n<p>Adriana R\u00edos Monsalve<\/p>\n<p>Carolina Mej\u00eda Gonz\u00e1lez<\/p>\n<p>Juan Jos\u00e9 Restrepo Rinc\u00f3n<\/p>\n<p>Yuliana Quiceno Cardona<\/p>\n<p>&nbsp;<\/p>\n<h2>Alianzas y comercializaci\u00f3n<\/h2>\n<p><strong>Byron Alberto V\u00e9lez Granda, <\/strong>Director Comercial MdeA<\/p>\n<p><strong>Catalina Jim\u00e9nez S\u00e1nchez,<\/strong> Directora de Proyectos MdeA<\/p>\n<p><strong>Eliana Uribe Duque,<\/strong> Directora Relaciones Corporativas MdeA<\/p>\n<p><strong>Mar\u00eda Cristina Vargas Torres<\/strong>, Coordinadora Cooperaci\u00f3n Internacional MdeA<\/p>\n<p>&nbsp;<\/p>\n<h2>Soporte administrativo, legal y financiero<\/h2>\n<p><strong>Cristina Abad Londo\u00f1o,<\/strong> Directora Jur\u00eddica MdeA<\/p>\n<p><strong>Fredy Orlando G\u00f3mez Vargas,<\/strong> Director Administrativo y Financiero MdeA<\/p>\n<p><strong>Luz Marina Bravo Restrepo,<\/strong> Directora Gesti\u00f3n Humana MdeA<\/p>\n<p>&nbsp;<\/p>\n<h2>Soporte educativo y cultural<\/h2>\n<p><strong>Olga Luc\u00eda Escobar Trujillo,<\/strong> Directora de Cultura y Educaci\u00f3n MdeA<\/p>\n<p><strong>Piedad Posada Mej\u00eda,<\/strong> Subdirectora Educaci\u00f3n MdeA<\/p>\n<p><strong>Claudia Vel\u00e1squez L\u00f3pez,<\/strong> Subdirectora Cultura MdeA<\/p>\n<p><strong>Ricardo G\u00f3mez Echeverri,<\/strong> Curadur\u00eda musical MdeA<\/p>\n<p><strong>Javier Burgos Montes,<\/strong> Coordinador Pedag\u00f3gico MdeA<\/p>\n<p><strong>Alejandro Ortega Duque,<\/strong> Gu\u00eda Biling\u00fce MdeA<\/p>\n<p>&nbsp;<\/p>\n<h2>Producci\u00f3n y log\u00edstica<\/h2>\n<p><strong>Sandra Milena Escobar Jim\u00e9nez,<\/strong> Asistente administrativa MDE11<\/p>\n<p><strong>Vivianna G\u00f3mez Nieto,<\/strong> Coordinadora de Producci\u00f3n MDE11<\/p>\n<p><strong>Marta Isabel Arroyave Ruiz,<\/strong> Asistente de Producci\u00f3n MDE11<\/p>\n<p><strong>Ver\u00f3nica Osorio Arenas,<\/strong> Apoyo Administrativo MDE11<\/p>\n<p><strong>Cleidy Eliana Alzate Saldarriaga,<\/strong> Apoyo Administrativo MDE11<\/p>\n<p><strong>Julia Villegas Mesa,<\/strong> Secretaria MDE11<\/p>\n<p><strong>Mary Luz Agudelo Tabares,<\/strong> Coordinadora de compras MdeA<\/p>\n<p><strong>Yaneth Fern\u00e1ndez L\u00f3pez,<\/strong> Tesorera MdeA<\/p>\n<p><strong>Felipe G\u00f3mez Torres,<\/strong> Asistente de compras MdeA<\/p>\n<p><strong>Jaime Montoya Sierra,<\/strong> Coordinador Montaje y Mantenimiento MdeA<\/p>\n<p><strong>Carlos Enrique V\u00e9lez Mart\u00ednez<\/strong>, Auxiliar Montajes y Mantenimiento MdeA<\/p>\n<p><strong>Sandra Catalina Garc\u00eda Cortes<\/strong>, Coordinadora Eventos MdeA<\/p>\n<p>&nbsp;<\/p>\n<h2>Comunicaciones<\/h2>\n<p><strong>Carlos Guisao Bustamante,<\/strong> Director de Comunicaciones MdeA<\/p>\n<p><strong>Carmen Elisa Chaves Soto,<\/strong> Coordinadora de comunicaciones MdeA<\/p>\n<p><strong>Juan Camilo Arboleda,<\/strong> Editor MDE11<\/p>\n<p><strong>J\u00e9ssica Su\u00e1rez Cata\u00f1o,<\/strong> Periodista MDE11<\/p>\n<p><strong>Ronal Casta\u00f1eda Tabares,<\/strong> Periodista MDE11<\/p>\n<p><strong>M\u00f3nica Mar\u00eda Arbel\u00e1ez Fl\u00f3rez,<\/strong> Asistente Administrativa Comunicaciones MdeA<\/p>\n<p><strong>Alejandro Zuleta Id\u00e1rraga,<\/strong> Dise\u00f1ador medios digitales MdeA<\/p>\n<p><strong>Juan Fernando Vel\u00e1squez Rend\u00f3n,<\/strong> Dise\u00f1ador medios impresos MdeA<\/p>\n<p>&nbsp;<\/p>\n<h2>Sistemas<\/h2>\n<p><strong>Juli\u00e1n David Valencia Santander,<\/strong> Coordinador de Sistemas MdeA<\/p>\n<p><strong>Juan Carlos Carvajal G\u00f3mez,<\/strong> Analista de sistemas MdeA<\/p>\n<p><strong>Yojan Usme Cardona,<\/strong> Auxiliar de Sistemas MdeA<\/p>\n<h2><\/h2>\n<h1 style=\"text-align: center\">El MDE11 es posible gracias a todo el equipo de<\/h1>\n<h1 style=\"text-align: center\">empleados del Museo de Antioquia<\/h1>\n<p><\/p>","protected":false},"excerpt":{"rendered":"<p>Direcci\u00f3n Ana Piedad Jaramillo Restrepo, Directora General Museo de Antioquia &nbsp; Direcci\u00f3n de producci\u00f3n Juan Guillermo Bustamante Cardona, Director Operaciones MdeA &nbsp; Asistentes de curadur\u00eda Adriana Mar\u00eda Pineda Estrada Adriana R\u00edos Monsalve Carolina Mej\u00eda Gonz\u00e1lez Juan Jos\u00e9 Restrepo Rinc\u00f3n Yuliana Quiceno Cardona &nbsp; Alianzas y comercializaci\u00f3n Byron Alberto V\u00e9lez Granda, Director Comercial MdeA Catalina Jim\u00e9nez S\u00e1nchez, Directora de Proyectos MdeA Eliana Uribe Duque, Directora Relaciones Corporativas MdeA Mar\u00eda Cristina Vargas Torres, Coordinadora Cooperaci\u00f3n Internacional MdeA &nbsp; Soporte administrativo, legal y financiero Cristina Abad Londo\u00f1o, Directora Jur\u00eddica MdeA Fredy Orlando G\u00f3mez Vargas, Director Administrativo y Financiero MdeA Luz Marina Bravo Restrepo, Directora Gesti\u00f3n Humana MdeA &nbsp; Soporte educativo y cultural Olga Luc\u00eda Escobar Trujillo, Directora de Cultura y Educaci\u00f3n MdeA Piedad Posada Mej\u00eda, Subdirectora Educaci\u00f3n MdeA Claudia Vel\u00e1squez L\u00f3pez, Subdirectora Cultura MdeA Ricardo G\u00f3mez Echeverri, Curadur\u00eda musical MdeA Javier Burgos Montes, Coordinador Pedag\u00f3gico MdeA Alejandro Ortega Duque, Gu\u00eda Biling\u00fce MdeA &nbsp; Producci\u00f3n y log\u00edstica Sandra Milena Escobar Jim\u00e9nez, Asistente administrativa MDE11 Vivianna G\u00f3mez Nieto, Coordinadora de Producci\u00f3n MDE11 Marta Isabel Arroyave Ruiz, Asistente de Producci\u00f3n MDE11 Ver\u00f3nica Osorio Arenas, Apoyo Administrativo MDE11 Cleidy Eliana Alzate Saldarriaga, Apoyo Administrativo MDE11 Julia Villegas Mesa, Secretaria MDE11 Mary Luz Agudelo Tabares, Coordinadora de compras MdeA Yaneth Fern\u00e1ndez L\u00f3pez, Tesorera MdeA Felipe G\u00f3mez Torres, Asistente de compras MdeA Jaime Montoya Sierra, Coordinador Montaje y Mantenimiento MdeA Carlos Enrique V\u00e9lez Mart\u00ednez, Auxiliar Montajes y Mantenimiento MdeA Sandra Catalina Garc\u00eda Cortes, Coordinadora Eventos MdeA &nbsp; Comunicaciones Carlos Guisao Bustamante, Director de Comunicaciones MdeA Carmen Elisa Chaves Soto, Coordinadora de comunicaciones MdeA Juan Camilo Arboleda, Editor MDE11 J\u00e9ssica Su\u00e1rez Cata\u00f1o, Periodista MDE11 Ronal Casta\u00f1eda Tabares, Periodista MDE11 M\u00f3nica Mar\u00eda Arbel\u00e1ez Fl\u00f3rez, Asistente Administrativa Comunicaciones MdeA Alejandro Zuleta Id\u00e1rraga, Dise\u00f1ador medios digitales MdeA Juan Fernando Vel\u00e1squez Rend\u00f3n, Dise\u00f1ador medios impresos MdeA &nbsp; Sistemas Juli\u00e1n David Valencia Santander, Coordinador de Sistemas MdeA Juan Carlos Carvajal G\u00f3mez, Analista de sistemas MdeA Yojan Usme Cardona, Auxiliar de Sistemas MdeA El MDE11 es posible gracias a todo el equipo de empleados del Museo de Antioquia<\/p>\n","protected":false},"author":1,"featured_media":0,"parent":0,"menu_order":0,"comment_status":"open","ping_status":"open","template":"","meta":{"footnotes":""},"categories":[7],"class_list":["post-1476","page","type-page","status-publish","hentry","category-uncategorized"],"_links":{"self":[{"href":"https:\/\/mde.org.co\/mde11\/es\/wp-json\/wp\/v2\/pages\/1476","targetHints":{"allow":["GET"]}}],"collection":[{"href":"https:\/\/mde.org.co\/mde11\/es\/wp-json\/wp\/v2\/pages"}],"about":[{"href":"https:\/\/mde.org.co\/mde11\/es\/wp-json\/wp\/v2\/types\/page"}],"author":[{"embeddable":true,"href":"https:\/\/mde.org.co\/mde11\/es\/wp-json\/wp\/v2\/users\/1"}],"replies":[{"embeddable":true,"href":"https:\/\/mde.org.co\/mde11\/es\/wp-json\/wp\/v2\/comments?post=1476"}],"version-history":[{"count":0,"href":"https:\/\/mde.org.co\/mde11\/es\/wp-json\/wp\/v2\/pages\/1476\/revisions"}],"wp:attachment":[{"href":"https:\/\/mde.org.co\/mde11\/es\/wp-json\/wp\/v2\/media?parent=1476"}],"wp:term":[{"taxonomy":"category","embeddable":true,"href":"https:\/\/mde.org.co\/mde11\/es\/wp-json\/wp\/v2\/categories?post=1476"}],"curies":[{"name":"wp","href":"https:\/\/api.w.org\/{rel}","templated":true}]}}