{"id":11,"date":"2011-06-30T21:19:59","date_gmt":"2011-07-01T02:19:59","guid":{"rendered":"http:\/\/190.156.230.47:8080\/?page_id=11"},"modified":"2011-06-30T21:19:59","modified_gmt":"2011-07-01T02:19:59","slug":"lugares","status":"publish","type":"page","link":"https:\/\/mde.org.co\/mde11\/es\/lugares\/","title":{"rendered":"Lugares"},"content":{"rendered":"<p><\/p>\n<p>El MDE11 se toma la ciudad activando distintos espacios con eventos e intervenciones art\u00edsticas.<\/p>\n<p>El centro del encuentro es el <strong>Museo de Antioquia<\/strong> y su <strong>Casa del Encuentro<\/strong>, donde se realizan: <a href=\"https:\/\/mde.org.co\/mde11\/?page_id=47\">Aula dial\u00f3gica<\/a>, <a href=\"https:\/\/mde.org.co\/mde11\/?page_id=43\">Medialab<\/a>, gran parte del <a href=\"https:\/\/mde.org.co\/mde11\/?page_id=53\">Taller central<\/a> y el <a href=\"https:\/\/mde.org.co\/mde11\/?page_id=49\">Taller de construcci\u00f3n<\/a>.<\/p>\n<p>Los <strong>Espacios anfitriones son 5 colectivos art\u00edsticos de Medell\u00edn<\/strong> que reciben, cada uno, a 2 espacios invitados al encuentro. En ellos se tienen conversatorios, ciclos de pel\u00edculas, performances, entre otras actividades.<\/p>\n<p>Lugares p\u00fablicos e instituciones de Medell\u00edn conforman los Espacios de exposici\u00f3n. Estos espacios son apropiados por los artistas que hacen parte de <a href=\"https:\/\/mde.org.co\/mde11\/?page_id=39\">Trabajo de campo<\/a>, proyectos del Taller central y el <a href=\"https:\/\/mde.org.co\/mde11\/?page_id=392\">Taller de Fundici\u00f3n<\/a>.<\/p>\n<p><strong>M\u00e1s de 60 lugares de la ciudad son intervenidos por el MDE11,<\/strong> contando aquellos donde los artistas hicieron sus pesquisas y en los que se desarrollan otras obras y proyectos relacionados con el Encuentro.<\/p>\n<p>&nbsp;<\/p>\n<table width=\"600\" border=\"0\" cellspacing=\"0\">\n<tbody>\n<tr>\n<td>\n<h2>Espacios anfitriones<\/h2>\n<\/td>\n<\/tr>\n<tr>\n<td><a style=\"line-height: 19px\" href=\"\/mde11\/?page_id=300\">Casa Imago<\/a> &#8211; L\u2019Appartment 22 \/ LaMutante<\/td>\n<\/tr>\n<tr>\n<td><a style=\"line-height: 19px\" href=\"\/mde11\/?page_id=295\">Casa Tres Patios<\/a> &#8211; Antimuseo \/ San Art<\/td>\n<\/tr>\n<tr>\n<td><a style=\"line-height: 19px\" href=\"\/mde11\/?page_id=307 \">Centro de Desarrollo Cultural de Moravia<\/a> &#8211; Tranv\u00eda Cero \/ Slanguage Studio \/ Pep Dardany\u00e0<\/td>\n<\/tr>\n<tr>\n<td><a style=\"line-height: 19px\" href=\"\/mde11\/?page_id=302\">Taller 7<\/a> &#8211; Club del Dibujo \/ Estaci\u00f3n Tijuana<\/td>\n<\/tr>\n<tr>\n<td><a style=\"line-height: 19px\" href=\"\/mde11\/?page_id=297\">Taller Sitio<\/a> &#8211; Lugar a Dudas \/ Proyectos Ultravioleta<\/td>\n<\/tr>\n<\/tbody>\n<\/table>\n<p>&nbsp;<\/p>\n<table width=\"600\" border=\"0\" cellspacing=\"0\" cellpadding=\"0\">\n<tbody>\n<tr>\n<td>\n<h2>Espacios de exposici\u00f3n<\/h2>\n<\/td>\n<\/tr>\n<tr>\n<td>Calle Calib\u00edo &#8211; Eloisa Cartonera<\/td>\n<\/tr>\n<tr>\n<td>Ciudadela Nuevo Occidente &#8211; Eloisa Cartonera<\/td>\n<\/tr>\n<tr>\n<td>Metrocable de Santo Domingo &#8211; Grupo Bijari<\/td>\n<\/tr>\n<tr>\n<td><a style=\"line-height: 19px\" href=\"\/mde11\/?page_id=305\">Museo de Arte Moderno de Medell\u00edn (Mamm)<\/a> &#8211; Oswaldo Maci\u00e1<\/td>\n<\/tr>\n<tr>\n<td>Parque de los Pies Descalzos &#8211; LaMutante<\/td>\n<\/tr>\n<tr>\n<td>Parques Biblioteca- Teddy Cruz<\/td>\n<\/tr>\n<tr>\n<td>Polit\u00e9cnico Jaime Isaza Cadavid &#8211; Ken Gonzales-Day<\/td>\n<\/tr>\n<tr>\n<td>Ribera de la quebrada Santa Helena &#8211; Ala Pl\u00e1stica<\/td>\n<\/tr>\n<tr>\n<td>Teatro Pablo Tob\u00f3n Uribe &#8211; Thomas Kilpper<\/p>\n<p>&nbsp;<\/td>\n<\/tr>\n<\/tbody>\n<\/table>\n<p><small>Ver <a style=\"color: #0000ff;text-align: left\" href=\"http:\/\/www.google.com\/maps\/ms?msa=0&amp;msid=215913375414245854074.0004a93cbeefee49338d6&amp;ie=UTF8&amp;ll=6.253872,-75.568085&amp;spn=0.076617,0.085831&amp;z=13&amp;source=embed\">Lugares MDE11<\/a> en un mapa m\u00e1s grande<\/small><\/p>","protected":false},"excerpt":{"rendered":"<p>El MDE11 se toma la ciudad activando distintos espacios con eventos e intervenciones art\u00edsticas. El centro del encuentro es el Museo de Antioquia y su Casa del Encuentro, donde se realizan: Aula dial\u00f3gica, Medialab, gran parte del Taller central y el Taller de construcci\u00f3n. Los Espacios anfitriones son 5 colectivos art\u00edsticos de Medell\u00edn que reciben, cada uno, a 2 espacios invitados al encuentro. En ellos se tienen conversatorios, ciclos de pel\u00edculas, performances, entre otras actividades. Lugares p\u00fablicos e instituciones de Medell\u00edn conforman los Espacios de exposici\u00f3n. Estos espacios son apropiados por los artistas que hacen parte de Trabajo de campo, proyectos del Taller central y el Taller de Fundici\u00f3n. M\u00e1s de 60 lugares de la ciudad son intervenidos por el MDE11, contando aquellos donde los artistas hicieron sus pesquisas y en los que se desarrollan otras obras y proyectos relacionados con el Encuentro. &nbsp; Espacios anfitriones Casa Imago &#8211; L\u2019Appartment 22 \/ LaMutante Casa Tres Patios &#8211; Antimuseo \/ San Art Centro de Desarrollo Cultural de Moravia &#8211; Tranv\u00eda Cero \/ Slanguage Studio \/ Pep Dardany\u00e0 Taller 7 &#8211; Club del Dibujo \/ Estaci\u00f3n Tijuana Taller Sitio &#8211; Lugar a Dudas \/ Proyectos Ultravioleta &nbsp; Espacios de exposici\u00f3n Calle Calib\u00edo &#8211; Eloisa Cartonera Ciudadela Nuevo Occidente &#8211; Eloisa Cartonera Metrocable de Santo Domingo &#8211; Grupo Bijari Museo de Arte Moderno de Medell\u00edn (Mamm) &#8211; Oswaldo Maci\u00e1 Parque de los Pies Descalzos &#8211; LaMutante Parques Biblioteca- Teddy Cruz Polit\u00e9cnico Jaime Isaza Cadavid &#8211; Ken Gonzales-Day Ribera de la quebrada Santa Helena &#8211; Ala Pl\u00e1stica Teatro Pablo Tob\u00f3n Uribe &#8211; Thomas Kilpper &nbsp; Ver Lugares MDE11 en un mapa m\u00e1s grande<\/p>\n","protected":false},"author":1,"featured_media":0,"parent":0,"menu_order":0,"comment_status":"closed","ping_status":"closed","template":"","meta":{"footnotes":""},"categories":[],"class_list":["post-11","page","type-page","status-publish","hentry"],"_links":{"self":[{"href":"https:\/\/mde.org.co\/mde11\/es\/wp-json\/wp\/v2\/pages\/11","targetHints":{"allow":["GET"]}}],"collection":[{"href":"https:\/\/mde.org.co\/mde11\/es\/wp-json\/wp\/v2\/pages"}],"about":[{"href":"https:\/\/mde.org.co\/mde11\/es\/wp-json\/wp\/v2\/types\/page"}],"author":[{"embeddable":true,"href":"https:\/\/mde.org.co\/mde11\/es\/wp-json\/wp\/v2\/users\/1"}],"replies":[{"embeddable":true,"href":"https:\/\/mde.org.co\/mde11\/es\/wp-json\/wp\/v2\/comments?post=11"}],"version-history":[{"count":0,"href":"https:\/\/mde.org.co\/mde11\/es\/wp-json\/wp\/v2\/pages\/11\/revisions"}],"wp:attachment":[{"href":"https:\/\/mde.org.co\/mde11\/es\/wp-json\/wp\/v2\/media?parent=11"}],"wp:term":[{"taxonomy":"category","embeddable":true,"href":"https:\/\/mde.org.co\/mde11\/es\/wp-json\/wp\/v2\/categories?post=11"}],"curies":[{"name":"wp","href":"https:\/\/api.w.org\/{rel}","templated":true}]}}