{"id":865,"date":"2011-08-04T17:20:22","date_gmt":"2011-08-04T22:20:22","guid":{"rendered":"http:\/\/mde.org.co\/mde11\/wordpress\/?page_id=865"},"modified":"2011-08-04T17:20:22","modified_gmt":"2011-08-04T22:20:22","slug":"grupo-bijari","status":"publish","type":"page","link":"https:\/\/mde.org.co\/mde11\/en\/artistas\/grupo-bijari\/","title":{"rendered":"Bijari"},"content":{"rendered":"<p><img loading=\"lazy\" decoding=\"async\" class=\"size-full wp-image-870 aligncenter\" title=\"\" src=\"https:\/\/mde.org.co\/mde11\/wp-content\/uploads\/sites\/3\/2011\/08\/Grupo-Bijari-header.jpg\" alt=\"\" width=\"600\" height=\"280\" srcset=\"https:\/\/mde.org.co\/mde11\/wp-content\/uploads\/sites\/3\/2011\/08\/Grupo-Bijari-header.jpg 600w, https:\/\/mde.org.co\/mde11\/wp-content\/uploads\/sites\/3\/2011\/08\/Grupo-Bijari-header-300x140.jpg 300w\" sizes=\"auto, (max-width: 600px) 100vw, 600px\" \/><\/p>\n<p>This group of artists is based in a studio in S\u00e3o Paulo (Brazil). It was formed in 1997, when its members (Eduardo Loureiro, Geandre Tomazoni, Gustavo Godoy, Maur\u00edcio Brand\u00e3o, Olavo Ekman and Rodrigo Ara\u00fajo) were students at the School of Architecture and Urban Planning at the University of S\u00e3o Paulo.<\/p>\n<p><strong>The metropolis and urban living, public spaces, conflictive sociability and the ways in which all this is built, both physically and symbolically, are constant questions in Bijari\u2019s work.<\/strong><\/p>\n<p>The urban landscape in which the \u201c(in)visibility of cultural tension\u201d takes place within city enclaves, of their key areas of interest, as they consider it to be the source of the contrasts that define economic and cultural identities, as the struggle which social groups undergo to ensure their rights.<\/p>\n<p>In their keenness to better understand the tensions that exist within a community, the will be presenting a project at MDE11 which will be <strong>investigating social and economic changes that have brought the Metrocable transport system to the Santo Domingo Savio neighborhood, north-east of Medellin.<\/strong><\/p>\n<p>In order to get closer to the local community, <strong>Bijari will be setting up a workshop which will collect documentary and narrative material concerning the stories, secrets, conflicts and desires of the neighborhood\u2019s residents.<\/strong> The resulting material offers a new perspective of the local landscape from the heights reached by the Metrocable, as they have said they will are planning an urban intervention on the roofs of the houses on its route.<\/p>\n<p><strong>Website<\/strong><br \/>\n<a href=\"http:\/\/www.bijari.com.br\/?lang=en\" target=\"_blank\">www.bijari.com.br<\/a><\/p>\n<p>&nbsp;<\/p>\n<h2>MDE11 participation<\/h2>\n<p><\/p>","protected":false},"excerpt":{"rendered":"<p>This group of artists is based in a studio in S\u00e3o Paulo (Brazil). It was formed in 1997, when its members (Eduardo Loureiro, Geandre Tomazoni, Gustavo Godoy, Maur\u00edcio Brand\u00e3o, Olavo Ekman and Rodrigo Ara\u00fajo) were students at the School of Architecture and Urban Planning at the University of S\u00e3o Paulo. The metropolis and urban living, public spaces, conflictive sociability and the ways in which all this is built, both physically and symbolically, are constant questions in Bijari\u2019s work. The urban landscape in which the \u201c(in)visibility of cultural tension\u201d takes place within city enclaves, of their key areas of interest, as they consider it to be the source of the contrasts that define economic and cultural identities, as the struggle which social groups undergo to ensure their rights. In their keenness to better understand the tensions that exist within a community, the will be presenting a project at MDE11 which will be investigating social and economic changes that have brought the Metrocable transport system to the Santo Domingo Savio neighborhood, north-east of Medellin. In order to get closer to the local community, Bijari will be setting up a workshop which will collect documentary and narrative material concerning the stories, secrets, conflicts and desires of the neighborhood\u2019s residents. The resulting material offers a new perspective of the local landscape from the heights reached by the Metrocable, as they have said they will are planning an urban intervention on the roofs of the houses on its route. Website www.bijari.com.br &nbsp; MDE11 participation<\/p>\n","protected":false},"author":1,"featured_media":0,"parent":143,"menu_order":0,"comment_status":"closed","ping_status":"open","template":"","meta":{"footnotes":""},"categories":[4],"class_list":["post-865","page","type-page","status-publish","hentry","category-exposicion"],"_links":{"self":[{"href":"https:\/\/mde.org.co\/mde11\/en\/wp-json\/wp\/v2\/pages\/865","targetHints":{"allow":["GET"]}}],"collection":[{"href":"https:\/\/mde.org.co\/mde11\/en\/wp-json\/wp\/v2\/pages"}],"about":[{"href":"https:\/\/mde.org.co\/mde11\/en\/wp-json\/wp\/v2\/types\/page"}],"author":[{"embeddable":true,"href":"https:\/\/mde.org.co\/mde11\/en\/wp-json\/wp\/v2\/users\/1"}],"replies":[{"embeddable":true,"href":"https:\/\/mde.org.co\/mde11\/en\/wp-json\/wp\/v2\/comments?post=865"}],"version-history":[{"count":0,"href":"https:\/\/mde.org.co\/mde11\/en\/wp-json\/wp\/v2\/pages\/865\/revisions"}],"up":[{"embeddable":true,"href":"https:\/\/mde.org.co\/mde11\/en\/wp-json\/wp\/v2\/pages\/143"}],"wp:attachment":[{"href":"https:\/\/mde.org.co\/mde11\/en\/wp-json\/wp\/v2\/media?parent=865"}],"wp:term":[{"taxonomy":"category","embeddable":true,"href":"https:\/\/mde.org.co\/mde11\/en\/wp-json\/wp\/v2\/categories?post=865"}],"curies":[{"name":"wp","href":"https:\/\/api.w.org\/{rel}","templated":true}]}}