{"id":302,"date":"2011-07-29T19:05:29","date_gmt":"2011-07-30T00:05:29","guid":{"rendered":"http:\/\/mde.org.co\/mde11\/wordpress\/?page_id=302"},"modified":"2011-07-29T19:05:29","modified_gmt":"2011-07-30T00:05:29","slug":"taller-7","status":"publish","type":"page","link":"https:\/\/mde.org.co\/mde11\/en\/lugares\/taller-7\/","title":{"rendered":"Taller 7"},"content":{"rendered":"<p><img loading=\"lazy\" decoding=\"async\" class=\"alignnone size-full wp-image-1435\" title=\"Taller 7\" src=\"https:\/\/mde.org.co\/mde11\/wp-content\/uploads\/sites\/3\/2011\/07\/Taller-7_header.jpg\" alt=\"\" width=\"600\" height=\"280\" srcset=\"https:\/\/mde.org.co\/mde11\/wp-content\/uploads\/sites\/3\/2011\/07\/Taller-7_header.jpg 600w, https:\/\/mde.org.co\/mde11\/wp-content\/uploads\/sites\/3\/2011\/07\/Taller-7_header-300x140.jpg 300w\" sizes=\"auto, (max-width: 600px) 100vw, 600px\" \/><\/p>\n<p>Established as a meeting space in Medell\u00edn, Taller 7 is known for fostering discussion and reflection on different topics dealing with art practices, thus shedding light on a variety of issues.<\/p>\n<p><strong>The aim of Taller 7 is \u201cthe creation of new avenues for interaction between artists, processes and the public, as opposed to the static, closed circuits offered by institutional spaces\u201d.<\/strong> The team is made up of Carlos Carmona, Mauricio Carmona, Paola Gaviria, Adriana Mar\u00eda Pineda and Juli\u00e1n Urrego.<\/p>\n<p>As a host space for MDE11, Taller 7 will be receiving two projects: Club del Dibujo and Estaci\u00f3n Tijuana. Both collectives will be conducting various activities that will be presented to different audiences around the city.<\/p>\n<p><strong>Website<\/strong><a href=\"http:\/\/www.tallersiete.com\/\" target=\"_blank\"><br \/>\nwww.tallersiete.com<\/a><\/p>\n<p><strong>Contact<\/strong><br \/>\nCarrera 41 # 46-67, barrio Bombon\u00e1<br \/>\nTel: (57+4) 239 55 08<\/p>\n<p><small>View <a style=\"color: #0000ff;text-align: left\" href=\"http:\/\/www.google.com\/maps\/ms?msa=0&amp;msid=215913375414245854074.0004a93cbeefee49338d6&amp;ie=UTF8&amp;ll=6.244423,-75.566368&amp;spn=0.004245,0.010707&amp;z=16&amp;source=embed\">MDE11 Places<\/a> in\u00a0a larger map<\/small><\/p>","protected":false},"excerpt":{"rendered":"<p>Established as a meeting space in Medell\u00edn, Taller 7 is known for fostering discussion and reflection on different topics dealing with art practices, thus shedding light on a variety of issues. The aim of Taller 7 is \u201cthe creation of new avenues for interaction between artists, processes and the public, as opposed to the static, closed circuits offered by institutional spaces\u201d. The team is made up of Carlos Carmona, Mauricio Carmona, Paola Gaviria, Adriana Mar\u00eda Pineda and Juli\u00e1n Urrego. As a host space for MDE11, Taller 7 will be receiving two projects: Club del Dibujo and Estaci\u00f3n Tijuana. Both collectives will be conducting various activities that will be presented to different audiences around the city. Website www.tallersiete.com Contact Carrera 41 # 46-67, barrio Bombon\u00e1 Tel: (57+4) 239 55 08 View MDE11 Places in\u00a0a larger map<\/p>\n","protected":false},"author":1,"featured_media":0,"parent":11,"menu_order":0,"comment_status":"closed","ping_status":"open","template":"","meta":{"footnotes":""},"categories":[5],"class_list":["post-302","page","type-page","status-publish","hentry","category-laboratorio"],"_links":{"self":[{"href":"https:\/\/mde.org.co\/mde11\/en\/wp-json\/wp\/v2\/pages\/302","targetHints":{"allow":["GET"]}}],"collection":[{"href":"https:\/\/mde.org.co\/mde11\/en\/wp-json\/wp\/v2\/pages"}],"about":[{"href":"https:\/\/mde.org.co\/mde11\/en\/wp-json\/wp\/v2\/types\/page"}],"author":[{"embeddable":true,"href":"https:\/\/mde.org.co\/mde11\/en\/wp-json\/wp\/v2\/users\/1"}],"replies":[{"embeddable":true,"href":"https:\/\/mde.org.co\/mde11\/en\/wp-json\/wp\/v2\/comments?post=302"}],"version-history":[{"count":0,"href":"https:\/\/mde.org.co\/mde11\/en\/wp-json\/wp\/v2\/pages\/302\/revisions"}],"up":[{"embeddable":true,"href":"https:\/\/mde.org.co\/mde11\/en\/wp-json\/wp\/v2\/pages\/11"}],"wp:attachment":[{"href":"https:\/\/mde.org.co\/mde11\/en\/wp-json\/wp\/v2\/media?parent=302"}],"wp:term":[{"taxonomy":"category","embeddable":true,"href":"https:\/\/mde.org.co\/mde11\/en\/wp-json\/wp\/v2\/categories?post=302"}],"curies":[{"name":"wp","href":"https:\/\/api.w.org\/{rel}","templated":true}]}}