{"id":233,"date":"2011-07-25T18:57:28","date_gmt":"2011-07-25T23:57:28","guid":{"rendered":"http:\/\/mde.org.co\/mde11\/wordpress\/?page_id=233"},"modified":"2015-10-07T18:19:42","modified_gmt":"2015-10-07T23:19:42","slug":"nuria-enguita-mayo","status":"publish","type":"page","link":"https:\/\/mde.org.co\/mde11\/en\/curadores\/nuria-enguita-mayo\/","title":{"rendered":"Nuria Enguita Mayo"},"content":{"rendered":"<p><a href=\"https:\/\/mde.org.co\/mde11\/wp-content\/uploads\/sites\/3\/2011\/08\/Nuria_banner.jpg\"><img loading=\"lazy\" decoding=\"async\" class=\"size-full wp-image-1067 aligncenter\" title=\"Nuria Enguita\" src=\"https:\/\/mde.org.co\/mde11\/wp-content\/uploads\/sites\/3\/2011\/08\/Nuria_banner.jpg\" alt=\"\" width=\"600\" height=\"280\" srcset=\"https:\/\/mde.org.co\/mde11\/wp-content\/uploads\/sites\/3\/2011\/08\/Nuria_banner.jpg 600w, https:\/\/mde.org.co\/mde11\/wp-content\/uploads\/sites\/3\/2011\/08\/Nuria_banner-300x140.jpg 300w\" sizes=\"auto, (max-width: 600px) 100vw, 600px\" \/><\/a><\/p>\n<p><strong>Madrid, Espa\u00f1a, 1967<\/strong><\/p>\n<p>Bachelor&#8217;s degree in Art History and Theory from the University of Madrid. She is a member of the management team of the arteypensamiento program of the Andaluc\u00eda International University (Unia), where she is conducting the Narrativas de Fuga program of seminars with artists, in which Alice Creischer and Eduardo Molinari\/Archivo Caminante have taken part. She is coeditor of <strong><a href=\"http:\/\/www.afterall.org\/journal\/\" target=\"_blank\">&#8216;Afterall Journal&#8217;<\/a>.<\/strong><\/p>\n<p>From 1991 to 1998 she worked at <strong><a href=\"http:\/\/www.ivam.es\/\" target=\"_blank\">Instituto Valenciano de Arte Moderno (Ivam)<\/a><\/strong>\u00a0as a curator, where she curated exhibitions by Cildo Meireles, Jos\u00e9 Antonio Orts and Juan Downey, among others. She organized the Scattered Affinities collective exhibition in New York and Madrid, and a selection of 60s and 70s films and videos for the Museo Serralves collection (1998). She formed part of the group of curators who organized Manifesta 4, Francfurt (2002).<\/p>\n<p>From June 1998 to September 2008 she was responsible for projects of the Fundaci\u00f3 Antoni T\u00e0pies, where she organized exhibitions and publications for Chris Marker, Ren\u00e9e Green, Rainer Oldendorf, Eul\u00e0lia Valldosera, Victor Burgin, Asger Jorn, Jon Mikel Euba, Sanja Ivekovic, Pedro G. Romero, Ibon Aranberri and Steve McQueen, among others, in addition to seminars and cinema and video seasons.<\/p>\n<p>She has also worked in projects such as \u2018Culturas de archivo o Tour-ismes\u2019 and &#8216;La derrota de la disensi\u00f3&#8217;. Similarly, she has organized exhibitions of Eul\u00e0lia Valldosera and Ibon Aranberri&#8217;s work for the Museo Nacional Centro de Arte Reina Sof\u00eda. She is currently working on a Leonor Antunes exhibition for the Museo Serralves and Kunstverein Dusseldorf, and a retrospective of Luis Claramunt for the\u00a0<strong><a href=\"http:\/\/www.macba.es\/\" target=\"_blank\">Museu d&#8217;Art Contemporani de Barcelona (Macba).<\/a><\/strong><\/p>","protected":false},"excerpt":{"rendered":"<p>Madrid, Espa\u00f1a, 1967 Bachelor&#8217;s degree in Art History and Theory from the University of Madrid. She is a member of the management team of the arteypensamiento program of the Andaluc\u00eda International University (Unia), where she is conducting the Narrativas de Fuga program of seminars with artists, in which Alice Creischer and Eduardo Molinari\/Archivo Caminante have taken part. She is coeditor of &#8216;Afterall Journal&#8217;. From 1991 to 1998 she worked at Instituto Valenciano de Arte Moderno (Ivam)\u00a0as a curator, where she curated exhibitions by Cildo Meireles, Jos\u00e9 Antonio Orts and Juan Downey, among others. She organized the Scattered Affinities collective exhibition in New York and Madrid, and a selection of 60s and 70s films and videos for the Museo Serralves collection (1998). She formed part of the group of curators who organized Manifesta 4, Francfurt (2002). From June 1998 to September 2008 she was responsible for projects of the Fundaci\u00f3 Antoni T\u00e0pies, where she organized exhibitions and publications for Chris Marker, Ren\u00e9e Green, Rainer Oldendorf, Eul\u00e0lia Valldosera, Victor Burgin, Asger Jorn, Jon Mikel Euba, Sanja Ivekovic, Pedro G. Romero, Ibon Aranberri and Steve McQueen, among others, in addition to seminars and cinema and video seasons. She has also worked in projects such as \u2018Culturas de archivo o Tour-ismes\u2019 and &#8216;La derrota de la disensi\u00f3&#8217;. Similarly, she has organized exhibitions of Eul\u00e0lia Valldosera and Ibon Aranberri&#8217;s work for the Museo Nacional Centro de Arte Reina Sof\u00eda. She is currently working on a Leonor Antunes exhibition for the Museo Serralves and Kunstverein Dusseldorf, and a retrospective of Luis Claramunt for the\u00a0Museu d&#8217;Art Contemporani de Barcelona (Macba).<\/p>\n","protected":false},"author":1,"featured_media":0,"parent":222,"menu_order":0,"comment_status":"closed","ping_status":"closed","template":"","meta":{"footnotes":""},"categories":[],"class_list":["post-233","page","type-page","status-publish","hentry"],"_links":{"self":[{"href":"https:\/\/mde.org.co\/mde11\/en\/wp-json\/wp\/v2\/pages\/233","targetHints":{"allow":["GET"]}}],"collection":[{"href":"https:\/\/mde.org.co\/mde11\/en\/wp-json\/wp\/v2\/pages"}],"about":[{"href":"https:\/\/mde.org.co\/mde11\/en\/wp-json\/wp\/v2\/types\/page"}],"author":[{"embeddable":true,"href":"https:\/\/mde.org.co\/mde11\/en\/wp-json\/wp\/v2\/users\/1"}],"replies":[{"embeddable":true,"href":"https:\/\/mde.org.co\/mde11\/en\/wp-json\/wp\/v2\/comments?post=233"}],"version-history":[{"count":1,"href":"https:\/\/mde.org.co\/mde11\/en\/wp-json\/wp\/v2\/pages\/233\/revisions"}],"predecessor-version":[{"id":5176,"href":"https:\/\/mde.org.co\/mde11\/en\/wp-json\/wp\/v2\/pages\/233\/revisions\/5176"}],"up":[{"embeddable":true,"href":"https:\/\/mde.org.co\/mde11\/en\/wp-json\/wp\/v2\/pages\/222"}],"wp:attachment":[{"href":"https:\/\/mde.org.co\/mde11\/en\/wp-json\/wp\/v2\/media?parent=233"}],"wp:term":[{"taxonomy":"category","embeddable":true,"href":"https:\/\/mde.org.co\/mde11\/en\/wp-json\/wp\/v2\/categories?post=233"}],"curies":[{"name":"wp","href":"https:\/\/api.w.org\/{rel}","templated":true}]}}