{"id":1546,"date":"2011-08-18T16:15:48","date_gmt":"2011-08-18T21:15:48","guid":{"rendered":"http:\/\/mde.org.co\/mde11\/?page_id=1546"},"modified":"2011-08-18T16:15:48","modified_gmt":"2011-08-18T21:15:48","slug":"jorge-julian-aristizabal","status":"publish","type":"page","link":"https:\/\/mde.org.co\/mde11\/en\/artistas\/jorge-julian-aristizabal\/","title":{"rendered":"Jorge Juli\u00e1n Aristiz\u00e1bal"},"content":{"rendered":"<p><img loading=\"lazy\" decoding=\"async\" class=\"alignnone size-full wp-image-1550\" title=\"Jorge Juli\u00e1n Aristiz\u00e1bal\" src=\"https:\/\/mde.org.co\/mde11\/wp-content\/uploads\/sites\/3\/2011\/08\/Jorge-Juli\u00e1n-Aristizabal-header.jpg\" alt=\"\" width=\"600\" height=\"280\" srcset=\"https:\/\/mde.org.co\/mde11\/wp-content\/uploads\/sites\/3\/2011\/08\/Jorge-Juli\u00e1n-Aristizabal-header.jpg 600w, https:\/\/mde.org.co\/mde11\/wp-content\/uploads\/sites\/3\/2011\/08\/Jorge-Juli\u00e1n-Aristizabal-header-300x140.jpg 300w\" sizes=\"auto, (max-width: 600px) 100vw, 600px\" \/><\/p>\n<p>Jorge Juli\u00e1n Aristizabal was born in 1962 in Medellin (Colombia), where he still lives. He received his BFA from the School of Art and Design Otis Parsons, based in Los Angeles, California (USA), and the degree of Master from the Goldsmiths College (London, England).<\/p>\n<p>His work has been included in exhibitions such as the VII Biennial of Bogota, Museum of Modern Art of Bogota (Colombia), also in &#8216;Magical Realism: Figurative Art of the 90\u2019s in Colombia&#8217;, the Barbican Centre (England), and Queens International, Queens Museum of Contemporary Art (USA).<\/p>\n<p>Aristizabal has had numerous solo exhibitions including: `El canario y el jabali, l\u00e1minas en la memoria de Jorge Juli\u00e1n Aristiz\u00e1bal\u2019 (The Canary and the Boar, pictures in the memory of Jorge Julian Aristizabal), exhibited at the Museum of Antioquia, the Barranquilla Museum of Modern Art and the Bucaramanga Museum of Modern Art (Colombia). <strong>\u2018Until Now Drawings 97\/07\u2019 opened in 2007 at the Contemporary Art Center of Eafit University (Colombia), during this show he published a book with his drawings from the last 10 years.<\/strong><\/p>\n<p><strong>During MDE11, Jorge Julian participate with &#8216;Photo Press&#8217;, a series that consists of 80 original photographs from different newspapers.<\/strong> These images are worked with by applying many layers of acrylic and are subsequently reduced to simple silhouettes in black and white graphics.<\/p>\n<p><strong>His intention is to offer the public the possibility of mentally re-making each photograph, freely interpreting it based on their own memories and experiences.<\/strong> To aid in this re-interpretation process he also offers a caption for each image which describes what happened.<\/p>\n<p><strong>\u00a0Website<\/strong><\/p>\n<p><a href=\"http:\/\/www.jorgejulianaristizabal.com\/\" target=\"_blank\">www.jorgejulianaristizabal.com<\/a><\/p>\n<p><strong>Social networks<\/strong><strong><\/strong><\/p>\n<p><a href=\"http:\/\/es-es.facebook.com\/pages\/JORGE-JULIAN-ARISTIZABAL\/130174406482\" target=\"_blank\">Facebook<\/a><\/p>\n<h2><\/h2>\n<h2>MDE11 participation<\/h2>\n<p><\/p>","protected":false},"excerpt":{"rendered":"<p>Jorge Juli\u00e1n Aristizabal was born in 1962 in Medellin (Colombia), where he still lives. He received his BFA from the School of Art and Design Otis Parsons, based in Los Angeles, California (USA), and the degree of Master from the Goldsmiths College (London, England). His work has been included in exhibitions such as the VII Biennial of Bogota, Museum of Modern Art of Bogota (Colombia), also in &#8216;Magical Realism: Figurative Art of the 90\u2019s in Colombia&#8217;, the Barbican Centre (England), and Queens International, Queens Museum of Contemporary Art (USA). Aristizabal has had numerous solo exhibitions including: `El canario y el jabali, l\u00e1minas en la memoria de Jorge Juli\u00e1n Aristiz\u00e1bal\u2019 (The Canary and the Boar, pictures in the memory of Jorge Julian Aristizabal), exhibited at the Museum of Antioquia, the Barranquilla Museum of Modern Art and the Bucaramanga Museum of Modern Art (Colombia). \u2018Until Now Drawings 97\/07\u2019 opened in 2007 at the Contemporary Art Center of Eafit University (Colombia), during this show he published a book with his drawings from the last 10 years. During MDE11, Jorge Julian participate with &#8216;Photo Press&#8217;, a series that consists of 80 original photographs from different newspapers. These images are worked with by applying many layers of acrylic and are subsequently reduced to simple silhouettes in black and white graphics. His intention is to offer the public the possibility of mentally re-making each photograph, freely interpreting it based on their own memories and experiences. To aid in this re-interpretation process he also offers a caption for each image which describes what happened. \u00a0Website www.jorgejulianaristizabal.com Social networks Facebook MDE11 participation<\/p>\n","protected":false},"author":1,"featured_media":0,"parent":143,"menu_order":0,"comment_status":"open","ping_status":"closed","template":"","meta":{"footnotes":""},"categories":[4],"class_list":["post-1546","page","type-page","status-publish","hentry","category-exposicion"],"_links":{"self":[{"href":"https:\/\/mde.org.co\/mde11\/en\/wp-json\/wp\/v2\/pages\/1546","targetHints":{"allow":["GET"]}}],"collection":[{"href":"https:\/\/mde.org.co\/mde11\/en\/wp-json\/wp\/v2\/pages"}],"about":[{"href":"https:\/\/mde.org.co\/mde11\/en\/wp-json\/wp\/v2\/types\/page"}],"author":[{"embeddable":true,"href":"https:\/\/mde.org.co\/mde11\/en\/wp-json\/wp\/v2\/users\/1"}],"replies":[{"embeddable":true,"href":"https:\/\/mde.org.co\/mde11\/en\/wp-json\/wp\/v2\/comments?post=1546"}],"version-history":[{"count":0,"href":"https:\/\/mde.org.co\/mde11\/en\/wp-json\/wp\/v2\/pages\/1546\/revisions"}],"up":[{"embeddable":true,"href":"https:\/\/mde.org.co\/mde11\/en\/wp-json\/wp\/v2\/pages\/143"}],"wp:attachment":[{"href":"https:\/\/mde.org.co\/mde11\/en\/wp-json\/wp\/v2\/media?parent=1546"}],"wp:term":[{"taxonomy":"category","embeddable":true,"href":"https:\/\/mde.org.co\/mde11\/en\/wp-json\/wp\/v2\/categories?post=1546"}],"curies":[{"name":"wp","href":"https:\/\/api.w.org\/{rel}","templated":true}]}}